{"id":290,"date":"2025-06-02T06:30:33","date_gmt":"2025-06-02T06:30:33","guid":{"rendered":"https:\/\/dev.coexa.es\/?page_id=290"},"modified":"2025-06-02T07:07:35","modified_gmt":"2025-06-02T07:07:35","slug":"politica-de-cookies","status":"publish","type":"page","link":"https:\/\/coexa.es\/ca\/politica-de-cookies\/","title":{"rendered":"Pol\u00edtica de Cookies"},"content":{"rendered":"<p>[et_pb_section fb_built=\u00bb1&#8243; _builder_version=\u00bb4.27.4&#8243; _module_preset=\u00bbdefault\u00bb global_colors_info=\u00bb{}\u00bb][et_pb_row _builder_version=\u00bb4.27.4&#8243; _module_preset=\u00bbdefault\u00bb global_colors_info=\u00bb{}\u00bb][et_pb_column type=\u00bb4_4&#8243; _builder_version=\u00bb4.27.4&#8243; _module_preset=\u00bbdefault\u00bb global_colors_info=\u00bb{}\u00bb][et_pb_heading title=\u00bbPol\u00edtica de Cookies\u00bb _builder_version=\u00bb4.27.4&#8243; _module_preset=\u00bbdefault\u00bb title_font=\u00bbFutura Std|700|||||||\u00bb title_text_align=\u00bbcenter\u00bb title_text_color=\u00bbgcid-secondary-color\u00bb global_colors_info=\u00bb{%22gcid-secondary-color%22:%91%22title_text_color%22%93}\u00bb][\/et_pb_heading][\/et_pb_column][\/et_pb_row][et_pb_row _builder_version=\u00bb4.27.4&#8243; _module_preset=\u00bbdefault\u00bb global_colors_info=\u00bb{}\u00bb][et_pb_column type=\u00bb4_4&#8243; _builder_version=\u00bb4.27.4&#8243; _module_preset=\u00bbdefault\u00bb global_colors_info=\u00bb{}\u00bb][et_pb_text _builder_version=\u00bb4.27.4&#8243; _module_preset=\u00bbdefault\u00bb hover_enabled=\u00bb0&#8243; global_colors_info=\u00bb{}\u00bb sticky_enabled=\u00bb0&#8243;]<\/p>\n<h3>Qu\u00e8 s\u00f3n les cookies?<\/h3>\n<p>[\/et_pb_text][et_pb_text _builder_version=\u00bb4.27.4&#8243; _module_preset=\u00bbdefault\u00bb text_font_size=\u00bb17px\u00bb global_colors_info=\u00bb{}\u00bb]<\/p>\n<p data-start=\"317\" data-end=\"730\">Una cookie \u00e9s un petit arxiu de text que s'emmagatzema al navegador quan visites gaireb\u00e9 qualsevol p\u00e0gina web. La seva utilitat \u00e9s que la web sigui capa\u00e7 de recordar la teva visita quan tornis a navegar per aquesta p\u00e0gina. Les cookies solen emmagatzemar informaci\u00f3 de car\u00e0cter t\u00e8cnic, prefer\u00e8ncies personals, personalitzaci\u00f3 de continguts, estad\u00edstiques d\u00fas, enlla\u00e7os a xarxes socials, acc\u00e9s a comptes dusuari, etc.<\/p>\n<h3 data-start=\"732\" data-end=\"769\"><\/h3>\n<p>[\/et_pb_text][\/et_pb_column][\/et_pb_row][et_pb_row _builder_version=\u00bb4.27.4&#8243; _module_preset=\u00bbdefault\u00bb global_colors_info=\u00bb{}\u00bb][et_pb_column type=\u00bb4_4&#8243; _builder_version=\u00bb4.27.4&#8243; _module_preset=\u00bbdefault\u00bb global_colors_info=\u00bb{}\u00bb][et_pb_text _builder_version=\u00bb4.27.4&#8243; _module_preset=\u00bbdefault\u00bb global_colors_info=\u00bb{}\u00bb]<\/p>\n<h3>Quins tipus de cookies utilitzem?<\/h3>\n<p>[\/et_pb_text][et_pb_text _builder_version=\u00bb4.27.4&#8243; _module_preset=\u00bbdefault\u00bb text_font_size=\u00bb17px\u00bb global_colors_info=\u00bb{}\u00bb]<\/p>\n<p data-start=\"771\" data-end=\"1000\">En aquest lloc web nom\u00e9s utilitzem les cookies necess\u00e0ries per garantir el funcionament correcte del portal i facilitar la navegaci\u00f3 de l'usuari. No utilitzem cookies d'an\u00e0lisi, publicitat ni seguiment de tercers.<\/p>\n<h4 data-start=\"1002\" data-end=\"1043\"><\/h4>\n<h3 data-start=\"732\" data-end=\"769\"><\/h3>\n<p>[\/et_pb_text][et_pb_text _builder_version=\u00bb4.27.4&#8243; _module_preset=\u00bbdefault\u00bb global_colors_info=\u00bb{}\u00bb]<\/p>\n<h6>1. Cookies t\u00e8cniques o necess\u00e0ries<\/h6>\n<p>[\/et_pb_text][et_pb_text _builder_version=\u00bb4.27.4&#8243; _module_preset=\u00bbdefault\u00bb text_font_size=\u00bb17px\u00bb global_colors_info=\u00bb{}\u00bb]<\/p>\n<p data-start=\"1044\" data-end=\"1310\">Aquestes cookies permeten la navegaci\u00f3 a trav\u00e9s del lloc web i la utilitzaci\u00f3 de les diferents opcions o serveis que ofereix, com accedir a zones d'acc\u00e9s restringit o enviar formularis de contacte. Aquestes cookies no requereixen consentiment previ de l'usuari.<\/p>\n<h3 data-start=\"1312\" data-end=\"1335\"><\/h3>\n<p>[\/et_pb_text][et_pb_text _builder_version=\u00bb4.27.4&#8243; _module_preset=\u00bbdefault\u00bb global_colors_info=\u00bb{}\u00bb]<\/p>\n<h6>2. Cookies de tercers<\/h6>\n<p>[\/et_pb_text][et_pb_text _builder_version=\u00bb4.27.4&#8243; _module_preset=\u00bbdefault\u00bb text_font_size=\u00bb17px\u00bb global_colors_info=\u00bb{}\u00bb]<\/p>\n<p data-start=\"1337\" data-end=\"1445\">Actualment, aquest lloc web <strong data-start=\"1365\" data-end=\"1399\">no utilitza cookies de tercers<\/strong>, ni per a an\u00e0lisi ni amb fins publicitaris.<\/p>\n<h3 data-start=\"1447\" data-end=\"1469\"><\/h3>\n<h3 data-start=\"1312\" data-end=\"1335\"><\/h3>\n<p>[\/et_pb_text][\/et_pb_column][\/et_pb_row][et_pb_row _builder_version=\u00bb4.27.4&#8243; _module_preset=\u00bbdefault\u00bb global_colors_info=\u00bb{}\u00bb][et_pb_column type=\u00bb4_4&#8243; _builder_version=\u00bb4.27.4&#8243; _module_preset=\u00bbdefault\u00bb global_colors_info=\u00bb{}\u00bb][et_pb_text _builder_version=\u00bb4.27.4&#8243; _module_preset=\u00bbdefault\u00bb global_colors_info=\u00bb{}\u00bb]<\/p>\n<h3>Gesti\u00f3 de cookies<\/h3>\n<p>[\/et_pb_text][et_pb_text _builder_version=\u00bb4.27.4&#8243; _module_preset=\u00bbdefault\u00bb text_font_size=\u00bb17px\u00bb global_colors_info=\u00bb{}\u00bb]<\/p>\n<p data-start=\"1471\" data-end=\"1662\">Pots configurar el teu navegador per permetre, bloquejar o eliminar les cookies instal\u00b7lades al teu equip. A continuaci\u00f3 us oferim enlla\u00e7os als procediments dels navegadors m\u00e9s comuns:<\/p>\n<p data-start=\"1471\" data-end=\"1662\">\n<ul data-start=\"1664\" data-end=\"2070\">\n<li data-start=\"1664\" data-end=\"1735\">\n<p data-start=\"1666\" data-end=\"1735\"><a href=\"https:\/\/support.google.com\/chrome\/answer\/95647?hl=es\">Google Chrome<\/a><\/p>\n<\/li>\n<li data-start=\"1736\" data-end=\"1856\">\n<p data-start=\"1738\" data-end=\"1856\"><a href=\"https:\/\/support.mozilla.org\/es\/kb\/habilitar-y-deshabilitar-cookies-sitios-web-rastrear-preferencias\">Mozilla Firefox<\/a><\/p>\n<\/li>\n<li data-start=\"1857\" data-end=\"1927\">\n<p data-start=\"1859\" data-end=\"1927\"><a href=\"https:\/\/support.apple.com\/es-es\/guide\/safari\/sfri11471\/mac\">Safari<\/a><\/p>\n<\/li>\n<li data-start=\"1928\" data-end=\"2070\">\n<p data-start=\"1930\" data-end=\"2070\"><a data-start=\"1930\" data-end=\"2070\" rel=\"noopener\" target=\"_new\" class=\"\" href=\"https:\/\/support.microsoft.com\/es-es\/microsoft-edge\/eliminar-cookies-en-microsoft-edge-63947406-40ac-c3b8-57b9-2a946a29ae09\">Microsoft Edge<\/a><\/p>\n<\/li>\n<\/ul>\n<h3 data-start=\"1312\" data-end=\"1335\"><\/h3>\n<p>[\/et_pb_text][\/et_pb_column][\/et_pb_row][et_pb_row _builder_version=\u00bb4.27.4&#8243; _module_preset=\u00bbdefault\u00bb global_colors_info=\u00bb{}\u00bb][et_pb_column type=\u00bb4_4&#8243; _builder_version=\u00bb4.27.4&#8243; _module_preset=\u00bbdefault\u00bb global_colors_info=\u00bb{}\u00bb][et_pb_text _builder_version=\u00bb4.27.4&#8243; _module_preset=\u00bbdefault\u00bb global_colors_info=\u00bb{}\u00bb]<\/p>\n<h3>Canvis en la pol\u00edtica de cookies<\/h3>\n<p>[\/et_pb_text][et_pb_text _builder_version=\u00bb4.27.4&#8243; _module_preset=\u00bbdefault\u00bb text_font_size=\u00bb17px\u00bb global_colors_info=\u00bb{}\u00bb]<\/p>\n<p data-start=\"2111\" data-end=\"2335\">Aquesta Pol\u00edtica de Cookies es pot modificar en funci\u00f3 d'exig\u00e8ncies legislatives o per adaptar-se a les instruccions de l'Ag\u00e8ncia Espanyola de Protecci\u00f3 de Dades, per la qual cosa s'aconsella revisar-la peri\u00f2dicament a l'usuari.<\/p>\n<ul data-start=\"1664\" data-end=\"2070\"><\/ul>\n<h3 data-start=\"1312\" data-end=\"1335\"><\/h3>\n<p>[\/et_pb_text][\/et_pb_column][\/et_pb_row][\/et_pb_section]<\/p>","protected":false},"excerpt":{"rendered":"<p>\u00bfQu\u00e9 son las cookies?Una cookie es un peque\u00f1o archivo de texto que se almacena en tu navegador cuando visitas casi cualquier p\u00e1gina web. Su utilidad es que la web sea capaz de recordar tu visita cuando vuelvas a navegar por esa p\u00e1gina. Las cookies suelen almacenar informaci\u00f3n de car\u00e1cter t\u00e9cnico, preferencias personales, personalizaci\u00f3n de contenidos, [&hellip;]<\/p>","protected":false},"author":1,"featured_media":0,"parent":0,"menu_order":0,"comment_status":"closed","ping_status":"closed","template":"","meta":{"_et_pb_use_builder":"on","_et_pb_old_content":"","_et_gb_content_width":"","footnotes":""},"class_list":["post-290","page","type-page","status-publish","hentry"],"_links":{"self":[{"href":"https:\/\/coexa.es\/ca\/wp-json\/wp\/v2\/pages\/290","targetHints":{"allow":["GET"]}}],"collection":[{"href":"https:\/\/coexa.es\/ca\/wp-json\/wp\/v2\/pages"}],"about":[{"href":"https:\/\/coexa.es\/ca\/wp-json\/wp\/v2\/types\/page"}],"author":[{"embeddable":true,"href":"https:\/\/coexa.es\/ca\/wp-json\/wp\/v2\/users\/1"}],"replies":[{"embeddable":true,"href":"https:\/\/coexa.es\/ca\/wp-json\/wp\/v2\/comments?post=290"}],"version-history":[{"count":5,"href":"https:\/\/coexa.es\/ca\/wp-json\/wp\/v2\/pages\/290\/revisions"}],"predecessor-version":[{"id":309,"href":"https:\/\/coexa.es\/ca\/wp-json\/wp\/v2\/pages\/290\/revisions\/309"}],"wp:attachment":[{"href":"https:\/\/coexa.es\/ca\/wp-json\/wp\/v2\/media?parent=290"}],"curies":[{"name":"wp","href":"https:\/\/api.w.org\/{rel}","templated":true}]}}