{"id":297,"date":"2025-06-02T06:36:28","date_gmt":"2025-06-02T06:36:28","guid":{"rendered":"https:\/\/dev.coexa.es\/?page_id=297"},"modified":"2025-06-02T06:53:27","modified_gmt":"2025-06-02T06:53:27","slug":"politica-de-privacidad","status":"publish","type":"page","link":"https:\/\/coexa.es\/ca\/politica-de-privacidad\/","title":{"rendered":"Pol\u00edtica de privadesa"},"content":{"rendered":"<p>[et_pb_section fb_built=\u00bb1&#8243; theme_builder_area=\u00bbpost_content\u00bb _builder_version=\u00bb4.27.4&#8243; _module_preset=\u00bbdefault\u00bb][et_pb_row _builder_version=\u00bb4.27.4&#8243; _module_preset=\u00bbdefault\u00bb theme_builder_area=\u00bbpost_content\u00bb][et_pb_column _builder_version=\u00bb4.27.4&#8243; _module_preset=\u00bbdefault\u00bb type=\u00bb4_4&#8243; theme_builder_area=\u00bbpost_content\u00bb][et_pb_heading title=\u00bbPol\u00edtica de privacidad\u00bb _builder_version=\u00bb4.27.4&#8243; _module_preset=\u00bbdefault\u00bb theme_builder_area=\u00bbpost_content\u00bb title_font=\u00bb|700|||||||\u00bb title_text_align=\u00bbcenter\u00bb global_colors_info=\u00bb{%22gcid-secondary-color%22:%91%22title_text_color%22%93}\u00bb title_text_color=\u00bbgcid-secondary-color\u00bb hover_enabled=\u00bb0&#8243; sticky_enabled=\u00bb0&#8243;][\/et_pb_heading][\/et_pb_column][\/et_pb_row][et_pb_row _builder_version=\u00bb4.27.4&#8243; _module_preset=\u00bbdefault\u00bb theme_builder_area=\u00bbpost_content\u00bb][et_pb_column _builder_version=\u00bb4.27.4&#8243; _module_preset=\u00bbdefault\u00bb type=\u00bb4_4&#8243; theme_builder_area=\u00bbpost_content\u00bb][et_pb_text _builder_version=\u00bb4.27.4&#8243; _module_preset=\u00bbdefault\u00bb theme_builder_area=\u00bbpost_content\u00bb hover_enabled=\u00bb0&#8243; sticky_enabled=\u00bb0&#8243;]<\/p>\n<h3>1. Responsable del tractament<\/h3>\n<p>[\/et_pb_text][et_pb_text _builder_version=\u00bb4.27.4&#8243; _module_preset=\u00bbdefault\u00bb theme_builder_area=\u00bbpost_content\u00bb hover_enabled=\u00bb0&#8243; sticky_enabled=\u00bb0&#8243; text_font_size=\u00bb17px\u00bb]<\/p>\n<p><strong>Nom de l'empresa:<\/strong> Construcciones, Excavaciones y Asfaltos, S.A<\/p>\n<p><strong>CIF\/NIF:<\/strong> A07042435<\/p>\n<p><strong>Direcci\u00f3:<\/strong> <span class=\"text-bodytext-m text-neutrals-700 capitalize\" id=\"direc-mapa\">C\/<span>Camp Roig n\u00ba1 &#8211; Poligono Industrial (Capdepera) 07580 &#8211; Mallorca &#8211; Espa\u00f1a\u00a0<\/span><\/span><\/p>\n<p><strong>Tel\u00e8fon de contacte:\u00a0<\/strong>971818000<\/p>\n<p><strong>Correu electr\u00f2nic:\u00a0<\/strong>coexa@coexa.es<\/p>\n<p><strong>Activitat:<\/strong> Edificaci\u00f3 y obra p\u00fablica<\/p>\n<p>[\/et_pb_text][\/et_pb_column][\/et_pb_row][et_pb_row _builder_version=\u00bb4.27.4&#8243; _module_preset=\u00bbdefault\u00bb theme_builder_area=\u00bbpost_content\u00bb custom_padding=\u00bb||0px|||\u00bb][et_pb_column _builder_version=\u00bb4.27.4&#8243; _module_preset=\u00bbdefault\u00bb type=\u00bb4_4&#8243; theme_builder_area=\u00bbpost_content\u00bb][et_pb_text _builder_version=\u00bb4.27.4&#8243; _module_preset=\u00bbdefault\u00bb theme_builder_area=\u00bbpost_content\u00bb hover_enabled=\u00bb0&#8243; sticky_enabled=\u00bb0&#8243;]<\/p>\n<h3>2. Finalitat del tractament de dades<\/h3>\n<p>[\/et_pb_text][et_pb_text _builder_version=\u00bb4.27.4&#8243; _module_preset=\u00bbdefault\u00bb theme_builder_area=\u00bbpost_content\u00bb hover_enabled=\u00bb0&#8243; sticky_enabled=\u00bb0&#8243; text_font_size=\u00bb17px\u00bb]<\/p>\n<p data-start=\"1116\" data-end=\"1434\">Les dades personals que recopilem a trav\u00e9s del formulari de contacte s\u00f3n utilitzades exclusivament per atendre les sol\u00b7licituds d'informaci\u00f3, consultes o pressupostos que ens envieu l'usuari.<\/p>\n<p>[\/et_pb_text][\/et_pb_column][\/et_pb_row][et_pb_row _builder_version=\u00bb4.27.4&#8243; _module_preset=\u00bbdefault\u00bb theme_builder_area=\u00bbpost_content\u00bb][et_pb_column _builder_version=\u00bb4.27.4&#8243; _module_preset=\u00bbdefault\u00bb type=\u00bb4_4&#8243; theme_builder_area=\u00bbpost_content\u00bb][et_pb_text _builder_version=\u00bb4.27.4&#8243; _module_preset=\u00bbdefault\u00bb theme_builder_area=\u00bbpost_content\u00bb hover_enabled=\u00bb0&#8243; sticky_enabled=\u00bb0&#8243;]<\/p>\n<h3>3. Base legal per al tractament<\/h3>\n<p>[\/et_pb_text][et_pb_text _builder_version=\u00bb4.27.4&#8243; _module_preset=\u00bbdefault\u00bb theme_builder_area=\u00bbpost_content\u00bb hover_enabled=\u00bb0&#8243; sticky_enabled=\u00bb0&#8243; text_font_size=\u00bb17px\u00bb]<\/p>\n<p data-start=\"1475\" data-end=\"1634\">La base jur\u00eddica per al tractament de les vostres dades \u00e9s el <strong data-start=\"1531\" data-end=\"1549\">consentiment<\/strong> que atorgueu en marcar la casella corresponent en enviar el formulari de contacte.<\/p>\n<p>[\/et_pb_text][\/et_pb_column][\/et_pb_row][et_pb_row _builder_version=\u00bb4.27.4&#8243; _module_preset=\u00bbdefault\u00bb theme_builder_area=\u00bbpost_content\u00bb][et_pb_column _builder_version=\u00bb4.27.4&#8243; _module_preset=\u00bbdefault\u00bb type=\u00bb4_4&#8243; theme_builder_area=\u00bbpost_content\u00bb][et_pb_text _builder_version=\u00bb4.27.4&#8243; _module_preset=\u00bbdefault\u00bb theme_builder_area=\u00bbpost_content\u00bb hover_enabled=\u00bb0&#8243; sticky_enabled=\u00bb0&#8243;]<\/p>\n<h3>4. Categoria de dades tractades<\/h3>\n<p>[\/et_pb_text][et_pb_text _builder_version=\u00bb4.27.4&#8243; _module_preset=\u00bbdefault\u00bb theme_builder_area=\u00bbpost_content\u00bb hover_enabled=\u00bb0&#8243; sticky_enabled=\u00bb0&#8243; text_font_size=\u00bb17px\u00bb]<\/p>\n<p data-start=\"1672\" data-end=\"1727\">Les dades que es recopilen a trav\u00e9s del formulari s\u00f3n:<\/p>\n<ul data-start=\"1729\" data-end=\"1864\">\n<li data-start=\"1729\" data-end=\"1737\">\n<p data-start=\"1731\" data-end=\"1737\">Nom<\/p>\n<\/li>\n<li data-start=\"1738\" data-end=\"1771\">\n<p data-start=\"1740\" data-end=\"1771\">Adre\u00e7a de correu electr\u00f2nic<\/p>\n<\/li>\n<li data-start=\"1772\" data-end=\"1809\">\n<p data-start=\"1774\" data-end=\"1809\">N\u00famero de tel\u00e8fon (si se sol\u00b7licita)<\/p>\n<\/li>\n<li data-start=\"1810\" data-end=\"1842\">\n<p data-start=\"1812\" data-end=\"1842\">Empresa o organisme (opcional)<\/p>\n<\/li>\n<li data-start=\"1843\" data-end=\"1864\">\n<p data-start=\"1845\" data-end=\"1864\">Missatge o sol\u00b7licitud<\/p>\n<\/li>\n<\/ul>\n<p data-start=\"1866\" data-end=\"1910\">No es tracten dades especialment protegides.<\/p>\n<p>[\/et_pb_text][\/et_pb_column][\/et_pb_row][et_pb_row _builder_version=\u00bb4.27.4&#8243; _module_preset=\u00bbdefault\u00bb theme_builder_area=\u00bbpost_content\u00bb][et_pb_column _builder_version=\u00bb4.27.4&#8243; _module_preset=\u00bbdefault\u00bb type=\u00bb4_4&#8243; theme_builder_area=\u00bbpost_content\u00bb][et_pb_text _builder_version=\u00bb4.27.4&#8243; _module_preset=\u00bbdefault\u00bb theme_builder_area=\u00bbpost_content\u00bb hover_enabled=\u00bb0&#8243; sticky_enabled=\u00bb0&#8243;]<\/p>\n<h3>5. Destinataris de les dades<\/h3>\n<p>[\/et_pb_text][et_pb_text _builder_version=\u00bb4.27.4&#8243; _module_preset=\u00bbdefault\u00bb theme_builder_area=\u00bbpost_content\u00bb hover_enabled=\u00bb0&#8243; sticky_enabled=\u00bb0&#8243; text_font_size=\u00bb17px\u00bb]<\/p>\n<p data-start=\"1947\" data-end=\"2002\">No se cediran dades a tercers, excepte obligaci\u00f3 legal.<\/p>\n<p>[\/et_pb_text][\/et_pb_column][\/et_pb_row][et_pb_row _builder_version=\u00bb4.27.4&#8243; _module_preset=\u00bbdefault\u00bb theme_builder_area=\u00bbpost_content\u00bb][et_pb_column _builder_version=\u00bb4.27.4&#8243; _module_preset=\u00bbdefault\u00bb type=\u00bb4_4&#8243; theme_builder_area=\u00bbpost_content\u00bb][et_pb_text _builder_version=\u00bb4.27.4&#8243; _module_preset=\u00bbdefault\u00bb theme_builder_area=\u00bbpost_content\u00bb hover_enabled=\u00bb0&#8243; sticky_enabled=\u00bb0&#8243;]<\/p>\n<h3>6. Conservaci\u00f3 de les dades<\/h3>\n<p>[\/et_pb_text][et_pb_text _builder_version=\u00bb4.27.4&#8243; _module_preset=\u00bbdefault\u00bb theme_builder_area=\u00bbpost_content\u00bb hover_enabled=\u00bb0&#8243; sticky_enabled=\u00bb0&#8243; text_font_size=\u00bb17px\u00bb]<\/p>\n<p data-start=\"2038\" data-end=\"2250\">Les dades personals es conservaran durant el temps necessari per atendre la sol\u00b7licitud o consulta realitzada. Posteriorment, s'eliminaran, llevat que hi hagi una obligaci\u00f3 legal de conservar-los per m\u00e9s temps.<\/p>\n<p>[\/et_pb_text][\/et_pb_column][\/et_pb_row][et_pb_row _builder_version=\u00bb4.27.4&#8243; _module_preset=\u00bbdefault\u00bb theme_builder_area=\u00bbpost_content\u00bb][et_pb_column _builder_version=\u00bb4.27.4&#8243; _module_preset=\u00bbdefault\u00bb type=\u00bb4_4&#8243; theme_builder_area=\u00bbpost_content\u00bb][et_pb_text _builder_version=\u00bb4.27.4&#8243; _module_preset=\u00bbdefault\u00bb theme_builder_area=\u00bbpost_content\u00bb hover_enabled=\u00bb0&#8243; sticky_enabled=\u00bb0&#8243;]<\/p>\n<h3>7. Drets de l'usuari<\/h3>\n<p>[\/et_pb_text][et_pb_text _builder_version=\u00bb4.27.4&#8243; _module_preset=\u00bbdefault\u00bb theme_builder_area=\u00bbpost_content\u00bb hover_enabled=\u00bb0&#8243; sticky_enabled=\u00bb0&#8243; text_font_size=\u00bb17px\u00bb]<\/p>\n<p data-start=\"2281\" data-end=\"2308\">L'usuari t\u00e9 dret a:<\/p>\n<ul data-start=\"2310\" data-end=\"2558\">\n<li data-start=\"2310\" data-end=\"2342\">\n<p data-start=\"2312\" data-end=\"2342\">Accedir a les seves dades personals<\/p>\n<\/li>\n<li data-start=\"2343\" data-end=\"2389\">\n<p data-start=\"2345\" data-end=\"2389\">Rectificar les dades inexactes o incompletes<\/p>\n<\/li>\n<li data-start=\"2390\" data-end=\"2453\">\n<p data-start=\"2392\" data-end=\"2453\">Sol\u00b7licitar la supressi\u00f3 quan les dades ja no siguin necess\u00e0ries<\/p>\n<\/li>\n<li data-start=\"2454\" data-end=\"2491\">\n<p data-start=\"2456\" data-end=\"2491\">Limitar el tractament de les seves dades<\/p>\n<\/li>\n<li data-start=\"2492\" data-end=\"2517\">\n<p data-start=\"2494\" data-end=\"2517\">Oposar-se al tractament<\/p>\n<\/li>\n<li data-start=\"2518\" data-end=\"2558\">\n<p data-start=\"2520\" data-end=\"2558\">Sol\u00b7licitar la portabilitat de les seves dades<\/p>\n<\/li>\n<\/ul>\n<p data-start=\"2560\" data-end=\"2685\">Per exercir aquests drets, podeu enviar una sol\u00b7licitud per escrit, juntament amb c\u00f2pia del vostre DNI o document identificatiu, a:<\/p>\n<ul data-start=\"2687\" data-end=\"2770\">\n<li data-start=\"2687\" data-end=\"2729\">\n<p data-start=\"2689\" data-end=\"2729\">Correu electr\u00f2nic: coexa@coexa.es<\/p>\n<\/li>\n<li data-start=\"2730\" data-end=\"2770\">\n<p data-start=\"2732\" data-end=\"2770\">Direcci\u00f3 postal: <span>C\/Camp Roig n\u00ba1 &#8211; Pol\u00edgono Industrial (Capdepera) 07580 &#8211; Mallorca &#8211; Espa\u00f1a\u00a0<\/span><\/p>\n<\/li>\n<\/ul>\n<p>[\/et_pb_text][\/et_pb_column][\/et_pb_row][et_pb_row _builder_version=\u00bb4.27.4&#8243; _module_preset=\u00bbdefault\u00bb theme_builder_area=\u00bbpost_content\u00bb][et_pb_column _builder_version=\u00bb4.27.4&#8243; _module_preset=\u00bbdefault\u00bb type=\u00bb4_4&#8243; theme_builder_area=\u00bbpost_content\u00bb][et_pb_text _builder_version=\u00bb4.27.4&#8243; _module_preset=\u00bbdefault\u00bb theme_builder_area=\u00bbpost_content\u00bb hover_enabled=\u00bb0&#8243; sticky_enabled=\u00bb0&#8243;]<\/p>\n<h3>8. Mesures de seguretat<\/h3>\n<p>[\/et_pb_text][et_pb_text _builder_version=\u00bb4.27.4&#8243; _module_preset=\u00bbdefault\u00bb theme_builder_area=\u00bbpost_content\u00bb hover_enabled=\u00bb0&#8243; sticky_enabled=\u00bb0&#8243; text_font_size=\u00bb17px\u00bb]<\/p>\n<p data-start=\"2801\" data-end=\"3004\">El responsable del tractament aplica mesures t\u00e8cniques i organitzatives apropiades per garantir la seguretat de les dades personals i evitar-ne l'alteraci\u00f3, la p\u00e8rdua, el tractament o l'acc\u00e9s no autoritzat.<\/p>\n<p>[\/et_pb_text][\/et_pb_column][\/et_pb_row][et_pb_row _builder_version=\u00bb4.27.4&#8243; _module_preset=\u00bbdefault\u00bb theme_builder_area=\u00bbpost_content\u00bb][et_pb_column _builder_version=\u00bb4.27.4&#8243; _module_preset=\u00bbdefault\u00bb type=\u00bb4_4&#8243; theme_builder_area=\u00bbpost_content\u00bb][et_pb_text _builder_version=\u00bb4.27.4&#8243; _module_preset=\u00bbdefault\u00bb theme_builder_area=\u00bbpost_content\u00bb hover_enabled=\u00bb0&#8243; sticky_enabled=\u00bb0&#8243;]<\/p>\n<h3>9. Canvis en la pol\u00edtica de privadesa<\/h3>\n<p>[\/et_pb_text][et_pb_text _builder_version=\u00bb4.27.4&#8243; _module_preset=\u00bbdefault\u00bb theme_builder_area=\u00bbpost_content\u00bb hover_enabled=\u00bb0&#8243; sticky_enabled=\u00bb0&#8243; text_font_size=\u00bb17px\u00bb]<\/p>\n<p data-start=\"3051\" data-end=\"3234\">Aquesta Pol\u00edtica de Privadesa es pot actualitzar en funci\u00f3 de canvis legislatius o de criteris de l'Ag\u00e8ncia Espanyola de Protecci\u00f3 de Dades. Es recomana revisar-la peri\u00f2dicament.<\/p>\n<p>[\/et_pb_text][\/et_pb_column][\/et_pb_row][\/et_pb_section]<\/p>","protected":false},"excerpt":{"rendered":"<p>1. Responsable del tratamientoNombre de la empresa: Construcciones, Excavaciones y Asfaltos, S.A CIF\/NIF: A07042435 Direcci\u00f3n: C\/Camp Roig n\u00ba1 &#8211; Poligono Industrial (Capdepera) 07580 &#8211; Mallorca &#8211; Espa\u00f1a\u00a0 Tel\u00e9fono de contacto:\u00a0971818000 Correo electr\u00f3nico:\u00a0coexa@coexa.es Actividad: Edificaci\u00f3n y obra p\u00fablica2. Finalidad del tratamiento de datosLos datos personales que recopilamos a trav\u00e9s del formulario de contacto son utilizados exclusivamente [&hellip;]<\/p>","protected":false},"author":1,"featured_media":0,"parent":0,"menu_order":0,"comment_status":"closed","ping_status":"closed","template":"","meta":{"_et_pb_use_builder":"on","_et_pb_old_content":"","_et_gb_content_width":"","footnotes":""},"class_list":["post-297","page","type-page","status-publish","hentry"],"_links":{"self":[{"href":"https:\/\/coexa.es\/ca\/wp-json\/wp\/v2\/pages\/297","targetHints":{"allow":["GET"]}}],"collection":[{"href":"https:\/\/coexa.es\/ca\/wp-json\/wp\/v2\/pages"}],"about":[{"href":"https:\/\/coexa.es\/ca\/wp-json\/wp\/v2\/types\/page"}],"author":[{"embeddable":true,"href":"https:\/\/coexa.es\/ca\/wp-json\/wp\/v2\/users\/1"}],"replies":[{"embeddable":true,"href":"https:\/\/coexa.es\/ca\/wp-json\/wp\/v2\/comments?post=297"}],"version-history":[{"count":3,"href":"https:\/\/coexa.es\/ca\/wp-json\/wp\/v2\/pages\/297\/revisions"}],"predecessor-version":[{"id":301,"href":"https:\/\/coexa.es\/ca\/wp-json\/wp\/v2\/pages\/297\/revisions\/301"}],"wp:attachment":[{"href":"https:\/\/coexa.es\/ca\/wp-json\/wp\/v2\/media?parent=297"}],"curies":[{"name":"wp","href":"https:\/\/api.w.org\/{rel}","templated":true}]}}