{"id":302,"date":"2025-06-02T06:54:10","date_gmt":"2025-06-02T06:54:10","guid":{"rendered":"https:\/\/dev.coexa.es\/?page_id=302"},"modified":"2026-01-12T13:37:53","modified_gmt":"2026-01-12T13:37:53","slug":"aviso-legal","status":"publish","type":"page","link":"https:\/\/coexa.es\/ca\/aviso-legal\/","title":{"rendered":"Av\u00eds Legal"},"content":{"rendered":"<p>[et_pb_section fb_built=\u00bb1&#8243; _builder_version=\u00bb4.27.4&#8243; _module_preset=\u00bbdefault\u00bb global_colors_info=\u00bb{}\u00bb][et_pb_row _builder_version=\u00bb4.27.4&#8243; _module_preset=\u00bbdefault\u00bb global_colors_info=\u00bb{}\u00bb][et_pb_column type=\u00bb4_4&#8243; _builder_version=\u00bb4.27.4&#8243; _module_preset=\u00bbdefault\u00bb global_colors_info=\u00bb{}\u00bb][et_pb_heading title=\u00bbAviso Legal\u00bb _builder_version=\u00bb4.27.4&#8243; _module_preset=\u00bbdefault\u00bb title_font=\u00bb|700|||||||\u00bb title_text_align=\u00bbcenter\u00bb title_text_color=\u00bbgcid-secondary-color\u00bb hover_enabled=\u00bb0&#8243; global_colors_info=\u00bb{%22gcid-secondary-color%22:%91%22title_text_color%22%93}\u00bb sticky_enabled=\u00bb0&#8243;][\/et_pb_heading][\/et_pb_column][\/et_pb_row][et_pb_row _builder_version=\u00bb4.27.4&#8243; _module_preset=\u00bbdefault\u00bb locked=\u00bboff\u00bb global_colors_info=\u00bb{}\u00bb][et_pb_column type=\u00bb4_4&#8243; _builder_version=\u00bb4.27.4&#8243; _module_preset=\u00bbdefault\u00bb global_colors_info=\u00bb{}\u00bb][et_pb_text _builder_version=\u00bb4.27.4&#8243; _module_preset=\u00bbdefault\u00bb hover_enabled=\u00bb0&#8243; global_colors_info=\u00bb{}\u00bb sticky_enabled=\u00bb0&#8243;]<\/p>\n<h3>1. Informaci\u00f3 del titular del lloc web<\/h3>\n<p>[\/et_pb_text][et_pb_text _builder_version=\u00bb4.27.4&#8243; _module_preset=\u00bbdefault\u00bb text_font_size=\u00bb17px\u00bb hover_enabled=\u00bb0&#8243; global_colors_info=\u00bb{}\u00bb sticky_enabled=\u00bb0&#8243;]<\/p>\n<p data-start=\"547\" data-end=\"801\">En compliment amb el deure informaci\u00f3 recollit a l'article 10 de la Llei 34\/2002, d'11 de juliol, de Serveis de la Societat de la Informaci\u00f3 i Comer\u00e7 Electr\u00f2nic, s'exposen a continuaci\u00f3 les dades identificatives del titular del lloc web:<\/p>\n<ul data-start=\"803\" data-end=\"1180\">\n<li data-start=\"803\" data-end=\"866\">\n<p data-start=\"805\" data-end=\"866\"><strong data-start=\"805\" data-end=\"816\">Titular<\/strong>: Construcciones, Excavaciones y Asfaltos, S.A<\/p>\n<\/li>\n<li data-start=\"803\" data-end=\"866\">\n<p data-start=\"805\" data-end=\"866\"><strong data-start=\"869\" data-end=\"880\" style=\"font-size: 17px;\">NIF\/CIF<\/strong><span style=\"font-size: 17px;\">: <span>A07042435<\/span><\/span><\/p>\n<\/li>\n<li data-start=\"803\" data-end=\"866\">\n<p data-start=\"805\" data-end=\"866\"><span style=\"font-size: 17px;\"><\/span><strong data-start=\"920\" data-end=\"940\" style=\"font-size: 17px;\">Domicili social<\/strong><span style=\"font-size: 17px;\">: <span>Camp Roig n\u00ba1 &#8211; Pol\u00edgono Industrial (Capdepera) 07580 &#8211; Mallorca &#8211; Espa\u00f1a\u00a0<\/span><\/span><\/p>\n<\/li>\n<li data-start=\"965\" data-end=\"1003\">\n<p data-start=\"967\" data-end=\"1003\"><strong data-start=\"967\" data-end=\"979\">Tel\u00e8fon<\/strong>: 971 81 80 00<\/p>\n<\/li>\n<li data-start=\"1004\" data-end=\"1060\">\n<p data-start=\"1006\" data-end=\"1060\"><strong data-start=\"1006\" data-end=\"1028\">Correo electr\u00f3nico<\/strong>: coexa@coexa.es<\/p>\n<\/li>\n<li data-start=\"1061\" data-end=\"1098\">\n<p data-start=\"1063\" data-end=\"1098\"><strong data-start=\"1063\" data-end=\"1078\">Dominio web<\/strong>: <a href=\"https:\/\/coexa.es\/ca\/\">www.coexa.es<\/a><\/p>\n<\/li>\n<li data-start=\"1061\" data-end=\"1098\">\n<p data-start=\"1063\" data-end=\"1098\"><strong data-start=\"1101\" data-end=\"1114\">Activitat<\/strong>: Construcci\u00f3 completa, reparaci\u00f3, conservaci\u00f3 d'edificacions.<\/p>\n<\/li>\n<\/ul>\n<p>[\/et_pb_text][\/et_pb_column][\/et_pb_row][et_pb_row _builder_version=\u00bb4.27.4&#8243; _module_preset=\u00bbdefault\u00bb locked=\u00bboff\u00bb global_colors_info=\u00bb{}\u00bb][et_pb_column type=\u00bb4_4&#8243; _builder_version=\u00bb4.27.4&#8243; _module_preset=\u00bbdefault\u00bb global_colors_info=\u00bb{}\u00bb][et_pb_text _builder_version=\u00bb4.27.4&#8243; _module_preset=\u00bbdefault\u00bb global_colors_info=\u00bb{}\u00bb]<\/p>\n<h3>2. Condicions d'\u00fas<\/h3>\n<p>[\/et_pb_text][et_pb_text _builder_version=\u00bb4.27.4&#8243; _module_preset=\u00bbdefault\u00bb text_font_size=\u00bb17px\u00bb global_colors_info=\u00bb{}\u00bb]<\/p>\n<p data-start=\"1209\" data-end=\"1346\">L'acc\u00e9s i l'\u00fas del lloc web atribueix la condici\u00f3 d'usuari, que accepta, des d'aquest acc\u00e9s i \u00fas, aquestes condicions d'\u00fas.<\/p>\n<p data-start=\"1348\" data-end=\"1461\">L'usuari es compromet a fer un \u00fas adequat dels continguts i serveis oferts, ia no fer-los servir per:<\/p>\n<ul data-start=\"1463\" data-end=\"1762\">\n<li data-start=\"1463\" data-end=\"1544\">\n<p data-start=\"1465\" data-end=\"1544\">Inc\u00f3rrer en activitats il\u00b7l\u00edcites o contr\u00e0ries a la bona fe i lordre p\u00fablic.<\/p>\n<\/li>\n<li data-start=\"1545\" data-end=\"1661\">\n<p data-start=\"1547\" data-end=\"1661\">Provocar danys als sistemes f\u00edsics i l\u00f2gics del titular del lloc, dels seus prove\u00efdors o de terceres persones.<\/p>\n<\/li>\n<li data-start=\"1662\" data-end=\"1762\">\n<p data-start=\"1664\" data-end=\"1762\">Introduir o difondre virus inform\u00e0tics o altres sistemes que siguin susceptibles de provocar danys.<\/p>\n<\/li>\n<\/ul>\n<p>[\/et_pb_text][\/et_pb_column][\/et_pb_row][et_pb_row _builder_version=\u00bb4.27.4&#8243; _module_preset=\u00bbdefault\u00bb locked=\u00bboff\u00bb global_colors_info=\u00bb{}\u00bb][et_pb_column type=\u00bb4_4&#8243; _builder_version=\u00bb4.27.4&#8243; _module_preset=\u00bbdefault\u00bb global_colors_info=\u00bb{}\u00bb][et_pb_text _builder_version=\u00bb4.27.4&#8243; _module_preset=\u00bbdefault\u00bb global_colors_info=\u00bb{}\u00bb]<\/p>\n<h3>3. Propietat intel\u00b7lectual i industrial<\/h3>\n<p>[\/et_pb_text][et_pb_text _builder_version=\u00bb4.27.4&#8243; _module_preset=\u00bbdefault\u00bb text_font_size=\u00bb17px\u00bb global_colors_info=\u00bb{}\u00bb]<\/p>\n<p data-start=\"1807\" data-end=\"2013\">Tots els continguts del lloc web (textos, imatges, logos, dissenys, codi font, etc.) s\u00f3n propietat del titular o de tercers, i estan protegits pels drets de propietat intel\u00b7lectual i industrial.<\/p>\n<p data-start=\"2015\" data-end=\"2144\">Queda expressament prohibida la reproducci\u00f3 total o parcial daquest lloc web sense autoritzaci\u00f3 pr\u00e8via i per escrit del titular.<\/p>\n<p>[\/et_pb_text][\/et_pb_column][\/et_pb_row][et_pb_row _builder_version=\u00bb4.27.4&#8243; _module_preset=\u00bbdefault\u00bb locked=\u00bboff\u00bb global_colors_info=\u00bb{}\u00bb][et_pb_column type=\u00bb4_4&#8243; _builder_version=\u00bb4.27.4&#8243; _module_preset=\u00bbdefault\u00bb global_colors_info=\u00bb{}\u00bb][et_pb_text _builder_version=\u00bb4.27.4&#8243; _module_preset=\u00bbdefault\u00bb global_colors_info=\u00bb{}\u00bb]<\/p>\n<h3>4. Responsabilitat<\/h3>\n<p>[\/et_pb_text][et_pb_text _builder_version=\u00bb4.27.4&#8243; _module_preset=\u00bbdefault\u00bb text_font_size=\u00bb17px\u00bb global_colors_info=\u00bb{}\u00bb]<\/p>\n<p data-start=\"2170\" data-end=\"2352\">El titular del lloc web no es fa responsable dels danys i perjudicis que es puguin derivar de l'\u00fas indegut dels continguts del lloc o de la informaci\u00f3 que s'hi ofereix.<\/p>\n<p data-start=\"2354\" data-end=\"2516\">Aix\u00ed mateix, no es garanteix l'abs\u00e8ncia d'errors o interrupcions a l'acc\u00e9s al lloc web, encara que es posaran els mitjans necessaris per evitar-los o corregir-los.<\/p>\n<p>[\/et_pb_text][\/et_pb_column][\/et_pb_row][et_pb_row _builder_version=\u00bb4.27.4&#8243; _module_preset=\u00bbdefault\u00bb locked=\u00bboff\u00bb global_colors_info=\u00bb{}\u00bb][et_pb_column type=\u00bb4_4&#8243; _builder_version=\u00bb4.27.4&#8243; _module_preset=\u00bbdefault\u00bb global_colors_info=\u00bb{}\u00bb][et_pb_text _builder_version=\u00bb4.27.4&#8243; _module_preset=\u00bbdefault\u00bb global_colors_info=\u00bb{}\u00bb]<\/p>\n<h3>5. Enlla\u00e7os a tercers<\/h3>\n<p>[\/et_pb_text][et_pb_text _builder_version=\u00bb4.27.4&#8243; _module_preset=\u00bbdefault\u00bb text_font_size=\u00bb17px\u00bb global_colors_info=\u00bb{}\u00bb]<\/p>\n<p data-start=\"2545\" data-end=\"2718\">Aquest lloc web pot contenir enlla\u00e7os a llocs web de tercers. El titular no es fa responsable del contingut, les pol\u00edtiques de privadesa o les pr\u00e0ctiques d'aquests llocs externs.<\/p>\n<p>[\/et_pb_text][\/et_pb_column][\/et_pb_row][et_pb_row _builder_version=\u00bb4.27.4&#8243; _module_preset=\u00bbdefault\u00bb locked=\u00bboff\u00bb global_colors_info=\u00bb{}\u00bb][et_pb_column type=\u00bb4_4&#8243; _builder_version=\u00bb4.27.4&#8243; _module_preset=\u00bbdefault\u00bb global_colors_info=\u00bb{}\u00bb][et_pb_text _builder_version=\u00bb4.27.4&#8243; _module_preset=\u00bbdefault\u00bb global_colors_info=\u00bb{}\u00bb]<\/p>\n<h3>6. Legislaci\u00f3 aplicable<\/h3>\n<p>[\/et_pb_text][et_pb_text _builder_version=\u00bb4.27.4&#8243; _module_preset=\u00bbdefault\u00bb text_font_size=\u00bb17px\u00bb global_colors_info=\u00bb{}\u00bb]<\/p>\n<p data-start=\"2750\" data-end=\"2984\">Aquestes condicions es regeixen per la legislaci\u00f3 espanyola. En cas de controv\u00e8rsia, les parts se sotmetran als jutjats i tribunals del domicili del titular del lloc web, llevat que la normativa vigent disposi una altra cosa.<\/p>\n<p>[\/et_pb_text][\/et_pb_column][\/et_pb_row][\/et_pb_section]<\/p>","protected":false},"excerpt":{"rendered":"<p>1. Informaci\u00f3n del titular del sitio webEn cumplimiento con el deber de informaci\u00f3n recogido en el art\u00edculo 10 de la Ley 34\/2002, de 11 de julio, de Servicios de la Sociedad de la Informaci\u00f3n y Comercio Electr\u00f3nico, se exponen a continuaci\u00f3n los datos identificativos del titular del sitio web: Titular: Construcciones, Excavaciones y Asfaltos, S.A [&hellip;]<\/p>","protected":false},"author":1,"featured_media":0,"parent":0,"menu_order":0,"comment_status":"closed","ping_status":"closed","template":"","meta":{"_et_pb_use_builder":"on","_et_pb_old_content":"","_et_gb_content_width":"","footnotes":""},"class_list":["post-302","page","type-page","status-publish","hentry"],"_links":{"self":[{"href":"https:\/\/coexa.es\/ca\/wp-json\/wp\/v2\/pages\/302","targetHints":{"allow":["GET"]}}],"collection":[{"href":"https:\/\/coexa.es\/ca\/wp-json\/wp\/v2\/pages"}],"about":[{"href":"https:\/\/coexa.es\/ca\/wp-json\/wp\/v2\/types\/page"}],"author":[{"embeddable":true,"href":"https:\/\/coexa.es\/ca\/wp-json\/wp\/v2\/users\/1"}],"replies":[{"embeddable":true,"href":"https:\/\/coexa.es\/ca\/wp-json\/wp\/v2\/comments?post=302"}],"version-history":[{"count":6,"href":"https:\/\/coexa.es\/ca\/wp-json\/wp\/v2\/pages\/302\/revisions"}],"predecessor-version":[{"id":497,"href":"https:\/\/coexa.es\/ca\/wp-json\/wp\/v2\/pages\/302\/revisions\/497"}],"wp:attachment":[{"href":"https:\/\/coexa.es\/ca\/wp-json\/wp\/v2\/media?parent=302"}],"curies":[{"name":"wp","href":"https:\/\/api.w.org\/{rel}","templated":true}]}}